{"id":605,"date":"2026-05-13T19:31:04","date_gmt":"2026-05-13T18:31:04","guid":{"rendered":"https:\/\/www.hanaorienteering.com\/en\/?page_id=605"},"modified":"2026-05-13T19:44:10","modified_gmt":"2026-05-13T18:44:10","slug":"schedule","status":"publish","type":"page","link":"https:\/\/www.hanaorienteering.com\/en\/wmoc-2027-japan\/schedule\/","title":{"rendered":"Schedule"},"content":{"rendered":"<p><strong>Japan: A Harmony of Contrasts<\/strong><\/p>\n<div>\n<p>Japan is a fascinating country where millennia-old traditions blend naturally with a hyper-modern future. On one hand, you\u2019ll be immersed in vibrant metropolises full of neon lights, robotics, and high-speed shinkansen trains; on the other, you\u2019ll find deep tranquility in the shadow of ancient Shinto shrines, Zen gardens, and majestic Mount Fuji.<\/p>\n<p>It is a destination that captivates not only with its world-renowned cuisine and the renowned politeness of its people, but also with its beautiful, diverse landscape and dense forests that invite exploration. In the Land of the Rising Sun, you will experience a world that is entirely different\u2014yet perfectly harmonious in every detail.<\/p>\n<\/div>\n<p><a href=\"https:\/\/www.hanaorienteering.cz\/uploads\/fuji-mountain-cherry-blossoms-spring-japan-scaled.jpg\"><img loading=\"lazy\" decoding=\"async\" class=\"wp-image-10854\" src=\"https:\/\/www.hanaorienteering.cz\/uploads\/fuji-mountain-cherry-blossoms-spring-japan-1024x683.jpg\" sizes=\"auto, (max-width: 510px) 100vw, 510px\" srcset=\"https:\/\/www.hanaorienteering.cz\/uploads\/fuji-mountain-cherry-blossoms-spring-japan-1024x683.jpg 1024w, https:\/\/www.hanaorienteering.cz\/uploads\/fuji-mountain-cherry-blossoms-spring-japan-300x200.jpg 300w, https:\/\/www.hanaorienteering.cz\/uploads\/fuji-mountain-cherry-blossoms-spring-japan-768x512.jpg 768w, https:\/\/www.hanaorienteering.cz\/uploads\/fuji-mountain-cherry-blossoms-spring-japan-1536x1024.jpg 1536w, https:\/\/www.hanaorienteering.cz\/uploads\/fuji-mountain-cherry-blossoms-spring-japan-2048x1365.jpg 2048w\" alt=\"\" width=\"510\" height=\"340\"><\/a><\/p>\n<p><strong>Preliminary schedule<\/strong><\/p>\n\n<table id=\"tablepress-2\" class=\"tablepress tablepress-id-2\">\n<thead>\n<tr class=\"row-1 odd\">\n\t<th class=\"column-1\">DAY #<\/th><th class=\"column-2\">DATE<\/th><th class=\"column-3\">DAY<\/th><th class=\"column-4\">SCHEDULE<\/th><th class=\"column-5\">WMOC<\/th><th class=\"column-6\">HOTEL<\/th>\n<\/tr>\n<\/thead>\n<tbody class=\"row-hover\">\n<tr class=\"row-2 even\">\n\t<td class=\"column-1\">1<\/td><td class=\"column-2\">17.05.2027<\/td><td class=\"column-3\">TUE<\/td><td class=\"column-4\">Arrival<\/td><td class=\"column-5\"><\/td><td class=\"column-6\">Tokyo<\/td>\n<\/tr>\n<tr class=\"row-3 odd\">\n\t<td class=\"column-1\">2<\/td><td class=\"column-2\">18.05.2027<\/td><td class=\"column-3\">WED<\/td><td class=\"column-4\">Osaka \u2013 city tour<\/td><td class=\"column-5\"><\/td><td class=\"column-6\">Osaka<\/td>\n<\/tr>\n<tr class=\"row-4 even\">\n\t<td class=\"column-1\">3<\/td><td class=\"column-2\">19.05.2027<\/td><td class=\"column-3\">THU<\/td><td class=\"column-4\">Nara \u2013 park tour<\/td><td class=\"column-5\"><\/td><td class=\"column-6\">Osaka<\/td>\n<\/tr>\n<tr class=\"row-5 odd\">\n\t<td class=\"column-1\">4<\/td><td class=\"column-2\">20.05.2027<\/td><td class=\"column-3\">FRI<\/td><td class=\"column-4\">Kyoto \u2013 city tour<\/td><td class=\"column-5\"><\/td><td class=\"column-6\">Osaka<\/td>\n<\/tr>\n<tr class=\"row-6 even\">\n\t<td class=\"column-1\">5<\/td><td class=\"column-2\">21.05.2027<\/td><td class=\"column-3\">SAT<\/td><td class=\"column-4\">Kyoto \u2013 city tour<\/td><td class=\"column-5\"><\/td><td class=\"column-6\">Yabu<\/td>\n<\/tr>\n<tr class=\"row-7 odd\">\n\t<td class=\"column-1\">6<\/td><td class=\"column-2\">22.05.2027<\/td><td class=\"column-3\">SUN<\/td><td class=\"column-4\">Kasumi \u2013 WMG<\/td><td class=\"column-5\">Sprint qual.<\/td><td class=\"column-6\">Yabu<\/td>\n<\/tr>\n<tr class=\"row-8 even\">\n\t<td class=\"column-1\">7<\/td><td class=\"column-2\">23.05.2027<\/td><td class=\"column-3\">MON<\/td><td class=\"column-4\">Kasumi \u2013 WMG<\/td><td class=\"column-5\">Sprint final<\/td><td class=\"column-6\">Yabu<\/td>\n<\/tr>\n<tr class=\"row-9 odd\">\n\t<td class=\"column-1\">8<\/td><td class=\"column-2\">24.05.2027<\/td><td class=\"column-3\">TUE<\/td><td class=\"column-4\">Hachikogen Ski Resort \u2013 WMG<\/td><td class=\"column-5\">Forest model<\/td><td class=\"column-6\">Yabu<\/td>\n<\/tr>\n<tr class=\"row-10 even\">\n\t<td class=\"column-1\">9<\/td><td class=\"column-2\">25.05.2027<\/td><td class=\"column-3\">WED<\/td><td class=\"column-4\">Hachikogen Ski Resort \u2013 WMG<\/td><td class=\"column-5\">Forest qual.<\/td><td class=\"column-6\">Yabu<\/td>\n<\/tr>\n<tr class=\"row-11 odd\">\n\t<td class=\"column-1\">10<\/td><td class=\"column-2\">26.05.2027<\/td><td class=\"column-3\">THU<\/td><td class=\"column-4\">Hachikogen Ski Resort \u2013 WMG<\/td><td class=\"column-5\">Middle Final<\/td><td class=\"column-6\">Himeji<\/td>\n<\/tr>\n<tr class=\"row-12 even\">\n\t<td class=\"column-1\">11<\/td><td class=\"column-2\">27.05.2027<\/td><td class=\"column-3\">FRI<\/td><td class=\"column-4\">Hiroshima \u2013 optional excursion<\/td><td class=\"column-5\">Free day<\/td><td class=\"column-6\">Himeji<\/td>\n<\/tr>\n<tr class=\"row-13 odd\">\n\t<td class=\"column-1\">12<\/td><td class=\"column-2\">28.05.2027<\/td><td class=\"column-3\">SAT<\/td><td class=\"column-4\">Mineyama Kogen \u2013 WMG<\/td><td class=\"column-5\">Long Final<\/td><td class=\"column-6\">Tokyo<\/td>\n<\/tr>\n<tr class=\"row-14 even\">\n\t<td class=\"column-1\">13<\/td><td class=\"column-2\">29.05.2027<\/td><td class=\"column-3\">SUN<\/td><td class=\"column-4\">Tokyo \u2013 city tour<\/td><td class=\"column-5\"><\/td><td class=\"column-6\">Tokyo<\/td>\n<\/tr>\n<tr class=\"row-15 odd\">\n\t<td class=\"column-1\">14<\/td><td class=\"column-2\">30.05.2027<\/td><td class=\"column-3\">MON<\/td><td class=\"column-4\">Tokyo \u2013 city tour<\/td><td class=\"column-5\"><\/td><td class=\"column-6\">Tokyo<\/td>\n<\/tr>\n<tr class=\"row-16 even\">\n\t<td class=\"column-1\">15<\/td><td class=\"column-2\">31.05.2027<\/td><td class=\"column-3\">TUE<\/td><td class=\"column-4\">Departure<\/td><td class=\"column-5\"><\/td><td class=\"column-6\"><\/td>\n<\/tr>\n<\/tbody>\n<\/table>\n<!-- #tablepress-2 from cache -->\n<div>\n<p><strong>Kansai: The Heart of Traditional Japan<\/strong><\/p>\n<p>The Kansai region is one of the most captivating areas of Japan. It is here that Japanese culture, architecture, and cuisine\u2014as we know them today\u2014were born. Within a relatively small area, you\u2019ll find thousand-year-old temples, bustling cities, sacred mountains, and a welcoming atmosphere that sets Kansai apart from the rest of the country. For anyone seeking to experience \u201cauthentic\u201d Japan, Kansai is the perfect starting point.<\/p>\n<\/div>\n<p><a href=\"https:\/\/www.hanaorienteering.cz\/uploads\/fushimi-inari-shrine-kyoto-japan-scaled.jpg\"><img loading=\"lazy\" decoding=\"async\" class=\"wp-image-10855\" src=\"https:\/\/www.hanaorienteering.cz\/uploads\/fushimi-inari-shrine-kyoto-japan-1024x682.jpg\" sizes=\"auto, (max-width: 510px) 100vw, 510px\" srcset=\"https:\/\/www.hanaorienteering.cz\/uploads\/fushimi-inari-shrine-kyoto-japan-1024x682.jpg 1024w, https:\/\/www.hanaorienteering.cz\/uploads\/fushimi-inari-shrine-kyoto-japan-300x200.jpg 300w, https:\/\/www.hanaorienteering.cz\/uploads\/fushimi-inari-shrine-kyoto-japan-768x511.jpg 768w, https:\/\/www.hanaorienteering.cz\/uploads\/fushimi-inari-shrine-kyoto-japan-1536x1022.jpg 1536w, https:\/\/www.hanaorienteering.cz\/uploads\/fushimi-inari-shrine-kyoto-japan-2048x1363.jpg 2048w\" alt=\"\" width=\"510\" height=\"339\"><\/a><\/p>\n<div>\n<p><strong>Tokyo: A Fascinating Labyrinth<\/strong><\/p>\n<p>Japan\u2019s capital is not just a city\u2014it is a universe of its own. In Tokyo, you can spend your morning strolling through the&nbsp; peace of ancient temple gardens and, by evening, lose yourself in a sea of neon lights, robotic restaurants, and towering skyscrapers. Tokyo is simply a destination that will quite literally take your breath away.<\/p>\n<\/div>\n<p><a href=\"https:\/\/www.hanaorienteering.cz\/uploads\/beautiful-aerial-shot-modern-city-architecture-with-illuminated-tower-side-scaled.jpg\"><img loading=\"lazy\" decoding=\"async\" class=\"wp-image-10856\" src=\"https:\/\/www.hanaorienteering.cz\/uploads\/beautiful-aerial-shot-modern-city-architecture-with-illuminated-tower-side-1024x684.jpg\" sizes=\"auto, (max-width: 510px) 100vw, 510px\" srcset=\"https:\/\/www.hanaorienteering.cz\/uploads\/beautiful-aerial-shot-modern-city-architecture-with-illuminated-tower-side-1024x684.jpg 1024w, https:\/\/www.hanaorienteering.cz\/uploads\/beautiful-aerial-shot-modern-city-architecture-with-illuminated-tower-side-300x200.jpg 300w, https:\/\/www.hanaorienteering.cz\/uploads\/beautiful-aerial-shot-modern-city-architecture-with-illuminated-tower-side-768x513.jpg 768w, https:\/\/www.hanaorienteering.cz\/uploads\/beautiful-aerial-shot-modern-city-architecture-with-illuminated-tower-side-1536x1025.jpg 1536w, https:\/\/www.hanaorienteering.cz\/uploads\/beautiful-aerial-shot-modern-city-architecture-with-illuminated-tower-side-2048x1367.jpg 2048w\" alt=\"\" width=\"510\" height=\"340\"><\/a><\/p>\n<p><strong>\u00d3saka: Modern\u00ed centrum<\/strong><\/p>\n<p>Zat\u00edmco Tokio v\u00e1s ohrom\u00ed svou uhlazenou efektivitou a m\u00edrn\u011b rezervovanou eleganc\u00ed, \u00d3saka je jeho \u017eiveln\u011bj\u0161\u00edm, hlu\u010dn\u011bj\u0161\u00edm a nepopsateln\u011b p\u0159\u00e1telsk\u00fdm sourozencem. Toto m\u011bsto, zn\u00e1m\u00e9 jako \u201ekuchyn\u011b Japonska\u201c, m\u00e1 du\u0161i rebela a srdce na prav\u00e9m m\u00edst\u011b. Obyvatel\u00e9 regionu Kansai jsou proslul\u00ed sv\u00fdm smyslem pro humor a v\u0159elost\u00ed, tak\u017ee se tu budete od prvn\u00ed chv\u00edle c\u00edtit jako doma.<\/p>\n<p><a href=\"https:\/\/www.hanaorienteering.cz\/uploads\/canal-with-sailing-boat-scaled.jpg\"><img loading=\"lazy\" decoding=\"async\" class=\"wp-image-10857\" src=\"https:\/\/www.hanaorienteering.cz\/uploads\/canal-with-sailing-boat-1024x639.jpg\" sizes=\"auto, (max-width: 510px) 100vw, 510px\" srcset=\"https:\/\/www.hanaorienteering.cz\/uploads\/canal-with-sailing-boat-1024x639.jpg 1024w, https:\/\/www.hanaorienteering.cz\/uploads\/canal-with-sailing-boat-300x187.jpg 300w, https:\/\/www.hanaorienteering.cz\/uploads\/canal-with-sailing-boat-768x479.jpg 768w, https:\/\/www.hanaorienteering.cz\/uploads\/canal-with-sailing-boat-1536x958.jpg 1536w, https:\/\/www.hanaorienteering.cz\/uploads\/canal-with-sailing-boat-2048x1277.jpg 2048w\" alt=\"\" width=\"510\" height=\"318\"><\/a><\/p>\n<p><strong>Osaka: A Modern Hub<\/strong><\/p>\n<div>\n<p>While Tokyo impresses with its polished efficiency and somewhat reserved elegance, Osaka is its livelier, louder, and irresistibly friendly sibling. Known as the \u201ckitchen of Japan,\u201d this city has the soul of a rebel and a heart in the right place. The people of the Kansai region are famous for their sense of humor and warmth, so you\u2019ll feel at home from the very first moment.<\/p>\n<\/div>\n<p><a href=\"https:\/\/www.hanaorienteering.cz\/uploads\/red-torii-gates-walkway-fushimi-inari-taisha-shrine-kyoto-japan-scaled.jpg\"><img loading=\"lazy\" decoding=\"async\" class=\"wp-image-10858\" src=\"https:\/\/www.hanaorienteering.cz\/uploads\/red-torii-gates-walkway-fushimi-inari-taisha-shrine-kyoto-japan-1024x677.jpg\" sizes=\"auto, (max-width: 510px) 100vw, 510px\" srcset=\"https:\/\/www.hanaorienteering.cz\/uploads\/red-torii-gates-walkway-fushimi-inari-taisha-shrine-kyoto-japan-1024x677.jpg 1024w, https:\/\/www.hanaorienteering.cz\/uploads\/red-torii-gates-walkway-fushimi-inari-taisha-shrine-kyoto-japan-300x198.jpg 300w, https:\/\/www.hanaorienteering.cz\/uploads\/red-torii-gates-walkway-fushimi-inari-taisha-shrine-kyoto-japan-768x508.jpg 768w, https:\/\/www.hanaorienteering.cz\/uploads\/red-torii-gates-walkway-fushimi-inari-taisha-shrine-kyoto-japan-1536x1015.jpg 1536w, https:\/\/www.hanaorienteering.cz\/uploads\/red-torii-gates-walkway-fushimi-inari-taisha-shrine-kyoto-japan-2048x1354.jpg 2048w\" alt=\"\" width=\"510\" height=\"337\"><\/a><\/p>\n<p><strong>Nara: Nature in the Heart of the City<\/strong><\/p>\n<div>\n<p>Nara is a place where a deer is more likely to cross your path than a tourist\u2014and where history isn\u2019t locked away in museums but walks freely through the parks. Once Japan\u2019s first permanent capital, Nara today is best known for Nara Park, where hundreds of deer roam freely\u2014sacred, cheeky, and perfectly trained to beg for crackers with irresistible looks.<\/p>\n<p>Nearby stands T\u014ddai-ji Temple, home to a&nbsp; bronze Buddha that gives the impression it has truly seen everything. Nara is the perfect counterpoint to Japan\u2019s bustling cities: no rush, no skyscrapers\u2014just temples, forests, and the feeling that it\u2019s perfectly fine to sit down for a while and simply be.<\/p>\n<\/div>\n<p><a href=\"https:\/\/www.hanaorienteering.cz\/uploads\/d04717_408d177fa8c74e62b74e91f29ea40c9dmv2.avif\"><img loading=\"lazy\" decoding=\"async\" class=\"alignnone wp-image-10859\" src=\"https:\/\/www.hanaorienteering.cz\/uploads\/d04717_408d177fa8c74e62b74e91f29ea40c9dmv2.avif\" sizes=\"auto, (max-width: 510px) 100vw, 510px\" srcset=\"https:\/\/www.hanaorienteering.cz\/uploads\/d04717_408d177fa8c74e62b74e91f29ea40c9dmv2.avif 740w, https:\/\/www.hanaorienteering.cz\/uploads\/d04717_408d177fa8c74e62b74e91f29ea40c9dmv2-300x240.jpg 300w\" alt=\"\" width=\"510\" height=\"408\"><\/a><\/p>\n<p><strong>Hiroshima: A City Reborn from the Ashes<\/strong><\/p>\n<div>\n<p>For many visitors, a trip to Hiroshima is the most emotionally powerful experience in all of Japan. The city, whose name is forever linked to the tragedy of the first atomic bomb, will surprise you with its incredible vitality, optimism, and open-hearted spirit. Today, Hiroshima is not just a memorial to the past, but a modern, green city with wide boulevards and a deeply moving atmosphere of peace and forgiveness.<\/p>\n<\/div>\n<p><a href=\"https:\/\/www.hanaorienteering.cz\/uploads\/Thumbnail-1-Hiroshima-Day-Trip.jpg\"><img loading=\"lazy\" decoding=\"async\" class=\"alignnone wp-image-10860\" src=\"https:\/\/www.hanaorienteering.cz\/uploads\/Thumbnail-1-Hiroshima-Day-Trip-1024x725.jpg\" sizes=\"auto, (max-width: 510px) 100vw, 510px\" srcset=\"https:\/\/www.hanaorienteering.cz\/uploads\/Thumbnail-1-Hiroshima-Day-Trip-1024x725.jpg 1024w, https:\/\/www.hanaorienteering.cz\/uploads\/Thumbnail-1-Hiroshima-Day-Trip-300x213.jpg 300w, https:\/\/www.hanaorienteering.cz\/uploads\/Thumbnail-1-Hiroshima-Day-Trip-768x544.jpg 768w, https:\/\/www.hanaorienteering.cz\/uploads\/Thumbnail-1-Hiroshima-Day-Trip-1536x1088.jpg 1536w, https:\/\/www.hanaorienteering.cz\/uploads\/Thumbnail-1-Hiroshima-Day-Trip.jpg 1605w\" alt=\"\" width=\"510\" height=\"361\"><\/a><\/p>\n<p><strong>Kinosaki Onsen: A Living Tradition<\/strong><\/p>\n<div>\n<p>Kinosaki Onsen is like the Japanese equivalent of Karlsbad \u2014just without the colonnades, the crowds, and with a history stretching back 1,300 years. Instead of spa guests heading to hotel breakfasts in bathrobes, here you wander through the town in a cotton yukata, wooden geta sandals clacking beneath your feet, carrying a small towel instead of a cup for the springs.<\/p>\n<p>A quiet canal with charming bridges replaces the colonnade, cozy local eateries take the place of hotel bars, and seven public bathhouses serve as bathing spots scattered throughout the town. You move between them\u2014even in winter\u2014kept warm by the hot water, steam rising toward glowing lanterns, and the comforting feeling that the only thing you truly need to do here is enjoy your next bath.<\/p>\n<\/div>\n<p><a href=\"https:\/\/www.hanaorienteering.cz\/uploads\/shutterstock_EDITORIAL_1265679217-L.jpg\"><img loading=\"lazy\" decoding=\"async\" class=\"alignnone wp-image-10862\" src=\"https:\/\/www.hanaorienteering.cz\/uploads\/shutterstock_EDITORIAL_1265679217-L.jpg\" sizes=\"auto, (max-width: 510px) 100vw, 510px\" srcset=\"https:\/\/www.hanaorienteering.cz\/uploads\/shutterstock_EDITORIAL_1265679217-L.jpg 800w, https:\/\/www.hanaorienteering.cz\/uploads\/shutterstock_EDITORIAL_1265679217-L-300x200.jpg 300w, https:\/\/www.hanaorienteering.cz\/uploads\/shutterstock_EDITORIAL_1265679217-L-768x513.jpg 768w\" alt=\"\" width=\"510\" height=\"340\"><\/a><\/p>\n<p><strong>Himeji: A Japanese Gem<\/strong><\/p>\n<div>\n<p>The city of Himeji is best known for its breathtaking Himeji Castle, often nicknamed the \u201cWhite Heron Castle.\u201d This majestic, snow-white structure, listed as a UNESCO World Heritage site, is one of the few original Japanese castles that has survived centuries of wars and natural disasters in nearly untouched condition, offering a fascinating glimpse into the age of the samurai.<\/p>\n<p>However, a visit to Himeji does not end at the castle gates; right next door lies the beautiful traditional Koko-en Garden, a perfect oasis of tranquility with photogenic teahouses and ponds full of koi carp.<\/p>\n<\/div>\n<div id=\"attachment_10861\" class=\"wp-caption alignnone\"><a href=\"https:\/\/www.hanaorienteering.cz\/uploads\/cherry-blossoms-castle-himeji-japan-scaled.jpg\"><img loading=\"lazy\" decoding=\"async\" class=\"wp-image-10861\" src=\"https:\/\/www.hanaorienteering.cz\/uploads\/cherry-blossoms-castle-himeji-japan-1024x683.jpg\" sizes=\"auto, (max-width: 510px) 100vw, 510px\" srcset=\"https:\/\/www.hanaorienteering.cz\/uploads\/cherry-blossoms-castle-himeji-japan-1024x683.jpg 1024w, https:\/\/www.hanaorienteering.cz\/uploads\/cherry-blossoms-castle-himeji-japan-300x200.jpg 300w, https:\/\/www.hanaorienteering.cz\/uploads\/cherry-blossoms-castle-himeji-japan-768x512.jpg 768w, https:\/\/www.hanaorienteering.cz\/uploads\/cherry-blossoms-castle-himeji-japan-1536x1024.jpg 1536w, https:\/\/www.hanaorienteering.cz\/uploads\/cherry-blossoms-castle-himeji-japan-2048x1365.jpg 2048w\" alt=\"\" width=\"510\" height=\"340\" aria-describedby=\"caption-attachment-10861\"><\/a><\/div>\n","protected":false},"excerpt":{"rendered":"<p>Japan: A Harmony of Contrasts Japan is a fascinating country where millennia-old traditions blend naturally with a hyper-modern future. On one hand, you\u2019ll be immersed in vibrant metropolises full of neon lights, robotics, and high-speed shinkansen trains; on the other, you\u2019ll find deep tranquility in the shadow of ancient Shinto shrines, Zen gardens, and majestic [&hellip;]<\/p>\n","protected":false},"author":1,"featured_media":0,"parent":600,"menu_order":0,"comment_status":"closed","ping_status":"closed","template":"page-akce.php","meta":{"ngg_post_thumbnail":0,"footnotes":""},"categories":[],"tags":[],"class_list":["post-605","page","type-page","status-publish","hentry"],"_links":{"self":[{"href":"https:\/\/www.hanaorienteering.com\/en\/wp-json\/wp\/v2\/pages\/605","targetHints":{"allow":["GET"]}}],"collection":[{"href":"https:\/\/www.hanaorienteering.com\/en\/wp-json\/wp\/v2\/pages"}],"about":[{"href":"https:\/\/www.hanaorienteering.com\/en\/wp-json\/wp\/v2\/types\/page"}],"author":[{"embeddable":true,"href":"https:\/\/www.hanaorienteering.com\/en\/wp-json\/wp\/v2\/users\/1"}],"replies":[{"embeddable":true,"href":"https:\/\/www.hanaorienteering.com\/en\/wp-json\/wp\/v2\/comments?post=605"}],"version-history":[{"count":2,"href":"https:\/\/www.hanaorienteering.com\/en\/wp-json\/wp\/v2\/pages\/605\/revisions"}],"predecessor-version":[{"id":610,"href":"https:\/\/www.hanaorienteering.com\/en\/wp-json\/wp\/v2\/pages\/605\/revisions\/610"}],"up":[{"embeddable":true,"href":"https:\/\/www.hanaorienteering.com\/en\/wp-json\/wp\/v2\/pages\/600"}],"wp:attachment":[{"href":"https:\/\/www.hanaorienteering.com\/en\/wp-json\/wp\/v2\/media?parent=605"}],"wp:term":[{"taxonomy":"category","embeddable":true,"href":"https:\/\/www.hanaorienteering.com\/en\/wp-json\/wp\/v2\/categories?post=605"},{"taxonomy":"post_tag","embeddable":true,"href":"https:\/\/www.hanaorienteering.com\/en\/wp-json\/wp\/v2\/tags?post=605"}],"curies":[{"name":"wp","href":"https:\/\/api.w.org\/{rel}","templated":true}]}}