{"id":472,"date":"2024-11-24T20:33:45","date_gmt":"2024-11-24T19:33:45","guid":{"rendered":"https:\/\/www.hanaorienteering.com\/en\/?page_id=472"},"modified":"2024-11-24T20:33:45","modified_gmt":"2024-11-24T19:33:45","slug":"schedule","status":"publish","type":"page","link":"https:\/\/www.hanaorienteering.com\/en\/sweden-vasaloppet-2025\/schedule\/","title":{"rendered":"Schedule"},"content":{"rendered":"<p>Preliminary schedule<\/p>\n<table width=\"784\">\n<tbody>\n<tr>\n<td width=\"77\">Date<\/td>\n<td width=\"81\">Day<\/td>\n<td width=\"626\">Schedule<\/td>\n<\/tr>\n<tr>\n<td>27.02.2025<\/td>\n<td>\u010ctvrtek&nbsp;<\/td>\n<td>departure from Prague, arrival in Stockholm, transfer to R\u00e4ttvik, accommodation<\/td>\n<\/tr>\n<tr>\n<td>28.02.2025<\/td>\n<td>P\u00e1tek<\/td>\n<td>breakfast in the hotel, training on the trails around Mora<\/td>\n<\/tr>\n<tr>\n<td>01.03.2025<\/td>\n<td>Sobota&nbsp;<\/td>\n<td>breakfast in the hotel, training on the track H\u00f6kberg &#8211; Mora<\/td>\n<\/tr>\n<tr>\n<td>02.03.2025<\/td>\n<td>Ned\u011ble<\/td>\n<td>breakfast at the hotel, transfer to S\u00e4len,&nbsp; Vasaloppet 2025<\/td>\n<\/tr>\n<tr>\n<td>03.03.2025<\/td>\n<td>Pond\u011bl\u00ed<\/td>\n<td>breakfast at the hotel, departure to Stockholm, return to Prague<\/td>\n<\/tr>\n<\/tbody>\n<\/table>\n","protected":false},"excerpt":{"rendered":"<p>Preliminary schedule Date Day Schedule 27.02.2025 \u010ctvrtek&nbsp; departure from Prague, arrival in Stockholm, transfer to R\u00e4ttvik, accommodation 28.02.2025 P\u00e1tek breakfast in the hotel, training on the trails around Mora 01.03.2025 Sobota&nbsp; breakfast in the hotel, training on the track H\u00f6kberg &#8211; Mora 02.03.2025 Ned\u011ble breakfast at the hotel, transfer to S\u00e4len,&nbsp; Vasaloppet 2025 03.03.2025 Pond\u011bl\u00ed [&hellip;]<\/p>\n","protected":false},"author":1,"featured_media":0,"parent":394,"menu_order":0,"comment_status":"closed","ping_status":"closed","template":"","meta":{"ngg_post_thumbnail":0,"footnotes":""},"categories":[],"tags":[],"class_list":["post-472","page","type-page","status-publish","hentry"],"_links":{"self":[{"href":"https:\/\/www.hanaorienteering.com\/en\/wp-json\/wp\/v2\/pages\/472","targetHints":{"allow":["GET"]}}],"collection":[{"href":"https:\/\/www.hanaorienteering.com\/en\/wp-json\/wp\/v2\/pages"}],"about":[{"href":"https:\/\/www.hanaorienteering.com\/en\/wp-json\/wp\/v2\/types\/page"}],"author":[{"embeddable":true,"href":"https:\/\/www.hanaorienteering.com\/en\/wp-json\/wp\/v2\/users\/1"}],"replies":[{"embeddable":true,"href":"https:\/\/www.hanaorienteering.com\/en\/wp-json\/wp\/v2\/comments?post=472"}],"version-history":[{"count":1,"href":"https:\/\/www.hanaorienteering.com\/en\/wp-json\/wp\/v2\/pages\/472\/revisions"}],"predecessor-version":[{"id":473,"href":"https:\/\/www.hanaorienteering.com\/en\/wp-json\/wp\/v2\/pages\/472\/revisions\/473"}],"up":[{"embeddable":true,"href":"https:\/\/www.hanaorienteering.com\/en\/wp-json\/wp\/v2\/pages\/394"}],"wp:attachment":[{"href":"https:\/\/www.hanaorienteering.com\/en\/wp-json\/wp\/v2\/media?parent=472"}],"wp:term":[{"taxonomy":"category","embeddable":true,"href":"https:\/\/www.hanaorienteering.com\/en\/wp-json\/wp\/v2\/categories?post=472"},{"taxonomy":"post_tag","embeddable":true,"href":"https:\/\/www.hanaorienteering.com\/en\/wp-json\/wp\/v2\/tags?post=472"}],"curies":[{"name":"wp","href":"https:\/\/api.w.org\/{rel}","templated":true}]}}