{"id":431,"date":"2024-09-16T20:01:49","date_gmt":"2024-09-16T19:01:49","guid":{"rendered":"https:\/\/www.hanaorienteering.com\/en\/?page_id=431"},"modified":"2024-11-04T18:54:41","modified_gmt":"2024-11-04T17:54:41","slug":"schedule","status":"publish","type":"page","link":"https:\/\/www.hanaorienteering.com\/en\/venice-orienteering-venice-2024\/schedule\/","title":{"rendered":"Schedule"},"content":{"rendered":"<p>Meeting Orientamento Venezia 2024<\/p>\n<p>Thursday, 7 November<\/p>\n<table style=\"width: 100%; margin: 15px 0 30px 0; border: 0; text-align: left; vertical-align: top;\" cellspacing=\"2\" cellpadding=\"2\">\n<tbody>\n<tr style=\"background-color: #efefef;\">\n<td style=\"width: 90px;\">21:10<\/td>\n<td style=\"width: auto;\">bus departure from Olomouc (athletic stadium)<\/td>\n<\/tr>\n<tr style=\"background-color: #ffffff;\">\n<td>21:15<\/td>\n<td>bus departure from Prost\u011bjov (SC Ark\u00e1da &#8211; KFC)<\/td>\n<\/tr>\n<tr style=\"background-color: #efefef;\">\n<td style=\"width: 90px;\">22:00<\/td>\n<td style=\"width: auto;\">bus departure from Brno (Zvona\u0159ka)<\/td>\n<\/tr>\n<\/tbody>\n<\/table>\n<p>Friday, 8th November<\/p>\n<table style=\"width: 100%; margin: 15px 0 30px 0; border: 0; text-align: left; vertical-align: top;\" cellspacing=\"2\" cellpadding=\"2\">\n<tbody>\n<tr style=\"background-color: #efefef;\">\n<td style=\"width: 90px;\">08:00<\/td>\n<td style=\"width: auto;\">arrival to hotel Ca &#8216;di Valle, chech-in<\/td>\n<\/tr>\n<tr style=\"background-color: #ffffff;\">\n<td>08:30-9:30<\/td>\n<td>breakfast in hotel Ca &#8216;di Valle<\/td>\n<\/tr>\n<tr style=\"background-color: #efefef;\">\n<td>10:00<\/td>\n<td>bus departure to Ca\u00b4Savio<\/td>\n<\/tr>\n<tr style=\"background-color: #ffffff;\">\n<td>10:30<\/td>\n<td>boat trip to Burano, Murano, Venice&nbsp;&nbsp;&nbsp;&nbsp;&nbsp;&nbsp;&nbsp;<\/td>\n<\/tr>\n<tr style=\"background-color: #efefef;\">\n<td>11:00-17:00<\/td>\n<td>Venice sightseeing (Burano, Murano)<\/td>\n<\/tr>\n<tr style=\"background-color: #ffffff;\">\n<td>17:00<\/td>\n<td>boat departure from Arsenale&nbsp; station back to Ca\u00b4Savio<\/td>\n<\/tr>\n<tr style=\"background-color: #efefef;\">\n<td>18:00<\/td>\n<td>arrival to hotel<\/td>\n<\/tr>\n<tr style=\"background-color: #ffffff;\">\n<td>18:30<\/td>\n<td>dinner in hotel&nbsp;<\/td>\n<\/tr>\n<\/tbody>\n<\/table>\n<p>Saturday, 9 November<\/p>\n<table style=\"width: 100%; margin: 15px 0 30px 0; border: 0; text-align: left; vertical-align: top;\" cellspacing=\"2\" cellpadding=\"2\">\n<tbody>\n<tr style=\"background-color: #efefef;\">\n<td style=\"width: 90px;\">08:30-09:30<\/td>\n<td style=\"width: auto;\">breakfast<\/td>\n<\/tr>\n<tr style=\"background-color: #ffffff;\">\n<td>10:00<\/td>\n<td>bus departure to Ca\u00b4Savio<\/td>\n<\/tr>\n<tr style=\"background-color: #efefef;\">\n<td>17:30<\/td>\n<td>Hana orienteering team meeting (Palasport Arsenale)<\/td>\n<\/tr>\n<tr style=\"background-color: #ffffff;\">\n<td>19:00-22:00<\/td>\n<td><strong>1. race NIGHT SPRINT (Palasport Arsenale)<\/strong><\/td>\n<\/tr>\n<tr style=\"background-color: #efefef;\">\n<td>22:00<\/td>\n<td>boat departure from Arsenale station to Ca\u00b4Savio (bus to hotel)<\/td>\n<\/tr>\n<\/tbody>\n<\/table>\n<p>Sunday, November 10<\/p>\n<table style=\"width: 100%; margin: 15px 0 30px 0; border: 0; text-align: left; vertical-align: top;\" cellspacing=\"2\" cellpadding=\"2\">\n<tbody>\n<tr style=\"background-color: #efefef;\">\n<td style=\"width: 90px;\">07:00-07:30<\/td>\n<td style=\"width: auto;\">breakfast<\/td>\n<\/tr>\n<tr style=\"background-color: #ffffff;\">\n<td>07:40<\/td>\n<td>departure to Punto Sabbioni, boat departure to Venice<\/td>\n<\/tr>\n<tr style=\"background-color: #efefef;\">\n<td>09:00-12:30<\/td>\n<td><strong>2. race MIDDLE MOV 2024 (Palasport Arsenale)<\/strong><\/td>\n<\/tr>\n<tr style=\"background-color: #ffffff;\">\n<td>13:00<\/td>\n<td>price giving ceremony MOV 2024<\/td>\n<\/tr>\n<tr style=\"background-color: #efefef;\">\n<td>14:00<\/td>\n<td>boat departure from Arsenale&nbsp; station back to Ca\u00b4Savio<\/td>\n<\/tr>\n<tr style=\"background-color: #ffffff;\">\n<td>14:30<\/td>\n<td>bus departure back to CZE (POL), Wine testing<\/td>\n<\/tr>\n<tr style=\"background-color: #efefef;\">\n<td>02:00<\/td>\n<td>Arrival Brno, Olomouc (03:00)<\/td>\n<\/tr>\n<\/tbody>\n<\/table>\n","protected":false},"excerpt":{"rendered":"<p>Meeting Orientamento Venezia 2024 Thursday, 7 November 21:10 bus departure from Olomouc (athletic stadium) 21:15 bus departure from Prost\u011bjov (SC Ark\u00e1da &#8211; KFC) 22:00 bus departure from Brno (Zvona\u0159ka) Friday, 8th November 08:00 arrival to hotel Ca &#8216;di Valle, chech-in 08:30-9:30 breakfast in hotel Ca &#8216;di Valle 10:00 bus departure to Ca\u00b4Savio 10:30 boat trip [&hellip;]<\/p>\n","protected":false},"author":1,"featured_media":0,"parent":343,"menu_order":0,"comment_status":"closed","ping_status":"closed","template":"page-akce.php","meta":{"ngg_post_thumbnail":0,"footnotes":""},"categories":[],"tags":[],"class_list":["post-431","page","type-page","status-publish","hentry"],"_links":{"self":[{"href":"https:\/\/www.hanaorienteering.com\/en\/wp-json\/wp\/v2\/pages\/431","targetHints":{"allow":["GET"]}}],"collection":[{"href":"https:\/\/www.hanaorienteering.com\/en\/wp-json\/wp\/v2\/pages"}],"about":[{"href":"https:\/\/www.hanaorienteering.com\/en\/wp-json\/wp\/v2\/types\/page"}],"author":[{"embeddable":true,"href":"https:\/\/www.hanaorienteering.com\/en\/wp-json\/wp\/v2\/users\/1"}],"replies":[{"embeddable":true,"href":"https:\/\/www.hanaorienteering.com\/en\/wp-json\/wp\/v2\/comments?post=431"}],"version-history":[{"count":3,"href":"https:\/\/www.hanaorienteering.com\/en\/wp-json\/wp\/v2\/pages\/431\/revisions"}],"predecessor-version":[{"id":453,"href":"https:\/\/www.hanaorienteering.com\/en\/wp-json\/wp\/v2\/pages\/431\/revisions\/453"}],"up":[{"embeddable":true,"href":"https:\/\/www.hanaorienteering.com\/en\/wp-json\/wp\/v2\/pages\/343"}],"wp:attachment":[{"href":"https:\/\/www.hanaorienteering.com\/en\/wp-json\/wp\/v2\/media?parent=431"}],"wp:term":[{"taxonomy":"category","embeddable":true,"href":"https:\/\/www.hanaorienteering.com\/en\/wp-json\/wp\/v2\/categories?post=431"},{"taxonomy":"post_tag","embeddable":true,"href":"https:\/\/www.hanaorienteering.com\/en\/wp-json\/wp\/v2\/tags?post=431"}],"curies":[{"name":"wp","href":"https:\/\/api.w.org\/{rel}","templated":true}]}}