{"id":343,"date":"2024-04-25T19:39:10","date_gmt":"2024-04-25T18:39:10","guid":{"rendered":"https:\/\/www.hanaorienteering.com\/en\/?page_id=343"},"modified":"2024-05-02T19:25:19","modified_gmt":"2024-05-02T18:25:19","slug":"venice-orienteering-venice-2024","status":"publish","type":"page","link":"https:\/\/www.hanaorienteering.com\/en\/venice-orienteering-venice-2024\/","title":{"rendered":"Venice &#8211; Orienteering Venice 2024"},"content":{"rendered":"<div class=\"tab-akce\">\n<dl>\n<dt>Date :<\/dt>\n<dd>7.-10. 10 2024 (Thu\u2013 Sun)<\/dd>\n<dt>Cena (p\u0159edb\u011b\u017en\u00e1):<\/dt>\n<dd><strong>300 EUR<\/strong> (non competitors) <strong>360 EUR<\/strong> (competitors)<\/dd>\n<dt>Transport:<\/dt>\n<dd>BUS from CZE, Private Cruise in Venice<\/dd>\n<dt>Accommodation:<\/dt>\n<dd>hotel Ca\u00b4Divalle, Cavallino, Tre Porti****<\/dd>\n<dt>Stravov\u00e1n\u00ed :<\/dt>\n<\/dl>\n<dl>\n<dd>Half board<\/dd>\n<dt>Entries :<\/dt>\n<dd>Until <strong>20. 8. 2024<\/strong> via email <a href=\"mailto:brko@hanaorienteering.cz\">brko@hanaorienteering.cz<\/a><\/dd>\n<dt>Max. participants :<\/dt>\n<dd>90<\/dd>\n<\/dl>\n<div style=\"clear: both;\">&nbsp;<\/div>\n<div style=\"clear: both;\">&nbsp;<\/div>\n<\/div>\n<p>After a successful last year&#8217;s event, which was held in Venice after a long time, the organizers have announced the date of next year&#8217;s &#8220;Meeting Orienteering Venice&#8221;.<\/p>\n<p>The next edition of the popular Venice event will follow the previous one and the races will have the same format. On Saturday there will be a night sprint, on Sunday a classic race. Both races will be held at the Palace Arsenale, a traditional venue in the heart of Venice.<\/p>\n<p>As another novelty from the previous year &#8211; a private cruise ship &#8211; proved to be a success, we will repeat it again this year. Although&#8230;nothing can be repeated in Venice, it is always different, but always fascinating. As always, not only active racers who want to compete with the world&#8217;s competition or recreational runners who enjoy every check they find, but last but not least ordinary tourists who will have the opportunity to visit this unique city and the adjacent islands 3 times (Friday, Saturday and Sunday).<\/p>\n<p>&nbsp;<\/p>\n<p><iframe loading=\"lazy\" src=\"https:\/\/www.google.com\/maps\/d\/embed?mid=1mk8yec47Ff3LpbT4K89u1wPciRA\" width=\"535\" height=\"400\"><\/iframe><\/p>\n<!-- default-view.php -->\n<div\n\tclass=\"ngg-galleryoverview default-view \"\n\tid=\"ngg-gallery-940a394066d0a492cfc5b93467a7f240-1\">\n\n\t\t<!-- Thumbnails -->\n\t\t\t\t<div id=\"ngg-image-0\" class=\"ngg-gallery-thumbnail-box ngg-4-columns\" >\n\t\t\t\t        <div class=\"ngg-gallery-thumbnail\">\n            <a href=\"https:\/\/www.hanaorienteering.com\/wp-content\/gallery\/benatky-2024\/20231110_170616.jpg\"\n               title=\"\"\n               data-src=\"https:\/\/www.hanaorienteering.com\/wp-content\/gallery\/benatky-2024\/20231110_170616.jpg\"\n               data-thumbnail=\"https:\/\/www.hanaorienteering.com\/wp-content\/gallery\/benatky-2024\/thumbs\/thumbs_20231110_170616.jpg\"\n               data-image-id=\"87\"\n               data-title=\"20231110_170616\"\n               data-description=\"\"\n               data-image-slug=\"20231110_170616\"\n               class=\"ngg-simplelightbox\" rel=\"940a394066d0a492cfc5b93467a7f240\">\n                <img\n                    title=\"20231110_170616\"\n                    alt=\"20231110_170616\"\n                    src=\"https:\/\/www.hanaorienteering.com\/wp-content\/gallery\/benatky-2024\/thumbs\/thumbs_20231110_170616.jpg\"\n                    width=\"240\"\n                    height=\"160\"\n                    style=\"max-width:100%;\"\n                \/>\n            <\/a>\n        <\/div>\n\t\t\t\t\t\t\t<\/div> \n\t\t\t\n\t\t\t\t<div id=\"ngg-image-1\" class=\"ngg-gallery-thumbnail-box ngg-4-columns\" >\n\t\t\t\t        <div class=\"ngg-gallery-thumbnail\">\n            <a href=\"https:\/\/www.hanaorienteering.com\/wp-content\/gallery\/benatky-2024\/20231111_200814.jpg\"\n               title=\"\"\n               data-src=\"https:\/\/www.hanaorienteering.com\/wp-content\/gallery\/benatky-2024\/20231111_200814.jpg\"\n               data-thumbnail=\"https:\/\/www.hanaorienteering.com\/wp-content\/gallery\/benatky-2024\/thumbs\/thumbs_20231111_200814.jpg\"\n               data-image-id=\"88\"\n               data-title=\"20231111_200814\"\n               data-description=\"\"\n               data-image-slug=\"20231111_200814\"\n               class=\"ngg-simplelightbox\" rel=\"940a394066d0a492cfc5b93467a7f240\">\n                <img\n                    title=\"20231111_200814\"\n                    alt=\"20231111_200814\"\n                    src=\"https:\/\/www.hanaorienteering.com\/wp-content\/gallery\/benatky-2024\/thumbs\/thumbs_20231111_200814.jpg\"\n                    width=\"240\"\n                    height=\"160\"\n                    style=\"max-width:100%;\"\n                \/>\n            <\/a>\n        <\/div>\n\t\t\t\t\t\t\t<\/div> \n\t\t\t\n\t\t\t\t<div id=\"ngg-image-2\" class=\"ngg-gallery-thumbnail-box ngg-4-columns\" >\n\t\t\t\t        <div class=\"ngg-gallery-thumbnail\">\n            <a href=\"https:\/\/www.hanaorienteering.com\/wp-content\/gallery\/benatky-2024\/20231110_162003.jpg\"\n               title=\"\"\n               data-src=\"https:\/\/www.hanaorienteering.com\/wp-content\/gallery\/benatky-2024\/20231110_162003.jpg\"\n               data-thumbnail=\"https:\/\/www.hanaorienteering.com\/wp-content\/gallery\/benatky-2024\/thumbs\/thumbs_20231110_162003.jpg\"\n               data-image-id=\"89\"\n               data-title=\"20231110_162003\"\n               data-description=\"\"\n               data-image-slug=\"20231110_162003\"\n               class=\"ngg-simplelightbox\" rel=\"940a394066d0a492cfc5b93467a7f240\">\n                <img\n                    title=\"20231110_162003\"\n                    alt=\"20231110_162003\"\n                    src=\"https:\/\/www.hanaorienteering.com\/wp-content\/gallery\/benatky-2024\/thumbs\/thumbs_20231110_162003.jpg\"\n                    width=\"240\"\n                    height=\"160\"\n                    style=\"max-width:100%;\"\n                \/>\n            <\/a>\n        <\/div>\n\t\t\t\t\t\t\t<\/div> \n\t\t\t\n\t\t\t\t<div id=\"ngg-image-3\" class=\"ngg-gallery-thumbnail-box ngg-4-columns\" >\n\t\t\t\t        <div class=\"ngg-gallery-thumbnail\">\n            <a href=\"https:\/\/www.hanaorienteering.com\/wp-content\/gallery\/benatky-2024\/20231110_114211.jpg\"\n               title=\"\"\n               data-src=\"https:\/\/www.hanaorienteering.com\/wp-content\/gallery\/benatky-2024\/20231110_114211.jpg\"\n               data-thumbnail=\"https:\/\/www.hanaorienteering.com\/wp-content\/gallery\/benatky-2024\/thumbs\/thumbs_20231110_114211.jpg\"\n               data-image-id=\"90\"\n               data-title=\"20231110_114211\"\n               data-description=\"\"\n               data-image-slug=\"20231110_114211\"\n               class=\"ngg-simplelightbox\" rel=\"940a394066d0a492cfc5b93467a7f240\">\n                <img\n                    title=\"20231110_114211\"\n                    alt=\"20231110_114211\"\n                    src=\"https:\/\/www.hanaorienteering.com\/wp-content\/gallery\/benatky-2024\/thumbs\/thumbs_20231110_114211.jpg\"\n                    width=\"240\"\n                    height=\"160\"\n                    style=\"max-width:100%;\"\n                \/>\n            <\/a>\n        <\/div>\n\t\t\t\t\t\t\t<\/div> \n\t\t\t\n\t\t\t\t<div id=\"ngg-image-4\" class=\"ngg-gallery-thumbnail-box ngg-4-columns\" >\n\t\t\t\t        <div class=\"ngg-gallery-thumbnail\">\n            <a href=\"https:\/\/www.hanaorienteering.com\/wp-content\/gallery\/benatky-2024\/20231111_153049.jpg\"\n               title=\"\"\n               data-src=\"https:\/\/www.hanaorienteering.com\/wp-content\/gallery\/benatky-2024\/20231111_153049.jpg\"\n               data-thumbnail=\"https:\/\/www.hanaorienteering.com\/wp-content\/gallery\/benatky-2024\/thumbs\/thumbs_20231111_153049.jpg\"\n               data-image-id=\"91\"\n               data-title=\"20231111_153049\"\n               data-description=\"\"\n               data-image-slug=\"20231111_153049\"\n               class=\"ngg-simplelightbox\" rel=\"940a394066d0a492cfc5b93467a7f240\">\n                <img\n                    title=\"20231111_153049\"\n                    alt=\"20231111_153049\"\n                    src=\"https:\/\/www.hanaorienteering.com\/wp-content\/gallery\/benatky-2024\/thumbs\/thumbs_20231111_153049.jpg\"\n                    width=\"240\"\n                    height=\"160\"\n                    style=\"max-width:100%;\"\n                \/>\n            <\/a>\n        <\/div>\n\t\t\t\t\t\t\t<\/div> \n\t\t\t\n\t\t\t\t<div id=\"ngg-image-5\" class=\"ngg-gallery-thumbnail-box ngg-4-columns\" >\n\t\t\t\t        <div class=\"ngg-gallery-thumbnail\">\n            <a href=\"https:\/\/www.hanaorienteering.com\/wp-content\/gallery\/benatky-2024\/20231111_125235.jpg\"\n               title=\"\"\n               data-src=\"https:\/\/www.hanaorienteering.com\/wp-content\/gallery\/benatky-2024\/20231111_125235.jpg\"\n               data-thumbnail=\"https:\/\/www.hanaorienteering.com\/wp-content\/gallery\/benatky-2024\/thumbs\/thumbs_20231111_125235.jpg\"\n               data-image-id=\"92\"\n               data-title=\"20231111_125235\"\n               data-description=\"\"\n               data-image-slug=\"20231111_125235\"\n               class=\"ngg-simplelightbox\" rel=\"940a394066d0a492cfc5b93467a7f240\">\n                <img\n                    title=\"20231111_125235\"\n                    alt=\"20231111_125235\"\n                    src=\"https:\/\/www.hanaorienteering.com\/wp-content\/gallery\/benatky-2024\/thumbs\/thumbs_20231111_125235.jpg\"\n                    width=\"240\"\n                    height=\"160\"\n                    style=\"max-width:100%;\"\n                \/>\n            <\/a>\n        <\/div>\n\t\t\t\t\t\t\t<\/div> \n\t\t\t\n\t\t\t\t<div id=\"ngg-image-6\" class=\"ngg-gallery-thumbnail-box ngg-4-columns\" >\n\t\t\t\t        <div class=\"ngg-gallery-thumbnail\">\n            <a href=\"https:\/\/www.hanaorienteering.com\/wp-content\/gallery\/benatky-2024\/20231111_201010.jpg\"\n               title=\"\"\n               data-src=\"https:\/\/www.hanaorienteering.com\/wp-content\/gallery\/benatky-2024\/20231111_201010.jpg\"\n               data-thumbnail=\"https:\/\/www.hanaorienteering.com\/wp-content\/gallery\/benatky-2024\/thumbs\/thumbs_20231111_201010.jpg\"\n               data-image-id=\"93\"\n               data-title=\"20231111_201010\"\n               data-description=\"\"\n               data-image-slug=\"20231111_201010\"\n               class=\"ngg-simplelightbox\" rel=\"940a394066d0a492cfc5b93467a7f240\">\n                <img\n                    title=\"20231111_201010\"\n                    alt=\"20231111_201010\"\n                    src=\"https:\/\/www.hanaorienteering.com\/wp-content\/gallery\/benatky-2024\/thumbs\/thumbs_20231111_201010.jpg\"\n                    width=\"240\"\n                    height=\"160\"\n                    style=\"max-width:100%;\"\n                \/>\n            <\/a>\n        <\/div>\n\t\t\t\t\t\t\t<\/div> \n\t\t\t\n\t\t\t\t<div id=\"ngg-image-7\" class=\"ngg-gallery-thumbnail-box ngg-4-columns\" >\n\t\t\t\t        <div class=\"ngg-gallery-thumbnail\">\n            <a href=\"https:\/\/www.hanaorienteering.com\/wp-content\/gallery\/benatky-2024\/20231111_205131.jpg\"\n               title=\"\"\n               data-src=\"https:\/\/www.hanaorienteering.com\/wp-content\/gallery\/benatky-2024\/20231111_205131.jpg\"\n               data-thumbnail=\"https:\/\/www.hanaorienteering.com\/wp-content\/gallery\/benatky-2024\/thumbs\/thumbs_20231111_205131.jpg\"\n               data-image-id=\"94\"\n               data-title=\"20231111_205131\"\n               data-description=\"\"\n               data-image-slug=\"20231111_205131\"\n               class=\"ngg-simplelightbox\" rel=\"940a394066d0a492cfc5b93467a7f240\">\n                <img\n                    title=\"20231111_205131\"\n                    alt=\"20231111_205131\"\n                    src=\"https:\/\/www.hanaorienteering.com\/wp-content\/gallery\/benatky-2024\/thumbs\/thumbs_20231111_205131.jpg\"\n                    width=\"240\"\n                    height=\"160\"\n                    style=\"max-width:100%;\"\n                \/>\n            <\/a>\n        <\/div>\n\t\t\t\t\t\t\t<\/div> \n\t\t\t\n\t\t\t\t<div id=\"ngg-image-8\" class=\"ngg-gallery-thumbnail-box ngg-4-columns\" >\n\t\t\t\t        <div class=\"ngg-gallery-thumbnail\">\n            <a href=\"https:\/\/www.hanaorienteering.com\/wp-content\/gallery\/benatky-2024\/20231111_205840.jpg\"\n               title=\"\"\n               data-src=\"https:\/\/www.hanaorienteering.com\/wp-content\/gallery\/benatky-2024\/20231111_205840.jpg\"\n               data-thumbnail=\"https:\/\/www.hanaorienteering.com\/wp-content\/gallery\/benatky-2024\/thumbs\/thumbs_20231111_205840.jpg\"\n               data-image-id=\"95\"\n               data-title=\"20231111_205840\"\n               data-description=\"\"\n               data-image-slug=\"20231111_205840\"\n               class=\"ngg-simplelightbox\" rel=\"940a394066d0a492cfc5b93467a7f240\">\n                <img\n                    title=\"20231111_205840\"\n                    alt=\"20231111_205840\"\n                    src=\"https:\/\/www.hanaorienteering.com\/wp-content\/gallery\/benatky-2024\/thumbs\/thumbs_20231111_205840.jpg\"\n                    width=\"240\"\n                    height=\"160\"\n                    style=\"max-width:100%;\"\n                \/>\n            <\/a>\n        <\/div>\n\t\t\t\t\t\t\t<\/div> \n\t\t\t\n\t\t\t\t<div id=\"ngg-image-9\" class=\"ngg-gallery-thumbnail-box ngg-4-columns\" >\n\t\t\t\t        <div class=\"ngg-gallery-thumbnail\">\n            <a href=\"https:\/\/www.hanaorienteering.com\/wp-content\/gallery\/benatky-2024\/20231111_214145.jpg\"\n               title=\"\"\n               data-src=\"https:\/\/www.hanaorienteering.com\/wp-content\/gallery\/benatky-2024\/20231111_214145.jpg\"\n               data-thumbnail=\"https:\/\/www.hanaorienteering.com\/wp-content\/gallery\/benatky-2024\/thumbs\/thumbs_20231111_214145.jpg\"\n               data-image-id=\"96\"\n               data-title=\"20231111_214145\"\n               data-description=\"\"\n               data-image-slug=\"20231111_214145\"\n               class=\"ngg-simplelightbox\" rel=\"940a394066d0a492cfc5b93467a7f240\">\n                <img\n                    title=\"20231111_214145\"\n                    alt=\"20231111_214145\"\n                    src=\"https:\/\/www.hanaorienteering.com\/wp-content\/gallery\/benatky-2024\/thumbs\/thumbs_20231111_214145.jpg\"\n                    width=\"240\"\n                    height=\"160\"\n                    style=\"max-width:100%;\"\n                \/>\n            <\/a>\n        <\/div>\n\t\t\t\t\t\t\t<\/div> \n\t\t\t\n\t\t\t\t<div id=\"ngg-image-10\" class=\"ngg-gallery-thumbnail-box ngg-4-columns\" >\n\t\t\t\t        <div class=\"ngg-gallery-thumbnail\">\n            <a href=\"https:\/\/www.hanaorienteering.com\/wp-content\/gallery\/benatky-2024\/IMG_4164.jpg\"\n               title=\"\"\n               data-src=\"https:\/\/www.hanaorienteering.com\/wp-content\/gallery\/benatky-2024\/IMG_4164.jpg\"\n               data-thumbnail=\"https:\/\/www.hanaorienteering.com\/wp-content\/gallery\/benatky-2024\/thumbs\/thumbs_IMG_4164.jpg\"\n               data-image-id=\"97\"\n               data-title=\"IMG_4164\"\n               data-description=\"\"\n               data-image-slug=\"img_4164\"\n               class=\"ngg-simplelightbox\" rel=\"940a394066d0a492cfc5b93467a7f240\">\n                <img\n                    title=\"IMG_4164\"\n                    alt=\"IMG_4164\"\n                    src=\"https:\/\/www.hanaorienteering.com\/wp-content\/gallery\/benatky-2024\/thumbs\/thumbs_IMG_4164.jpg\"\n                    width=\"240\"\n                    height=\"160\"\n                    style=\"max-width:100%;\"\n                \/>\n            <\/a>\n        <\/div>\n\t\t\t\t\t\t\t<\/div> \n\t\t\t\n\t\t\t\t<div id=\"ngg-image-11\" class=\"ngg-gallery-thumbnail-box ngg-4-columns\" >\n\t\t\t\t        <div class=\"ngg-gallery-thumbnail\">\n            <a href=\"https:\/\/www.hanaorienteering.com\/wp-content\/gallery\/benatky-2024\/IMG_4159.jpg\"\n               title=\"\"\n               data-src=\"https:\/\/www.hanaorienteering.com\/wp-content\/gallery\/benatky-2024\/IMG_4159.jpg\"\n               data-thumbnail=\"https:\/\/www.hanaorienteering.com\/wp-content\/gallery\/benatky-2024\/thumbs\/thumbs_IMG_4159.jpg\"\n               data-image-id=\"98\"\n               data-title=\"IMG_4159\"\n               data-description=\"\"\n               data-image-slug=\"img_4159\"\n               class=\"ngg-simplelightbox\" rel=\"940a394066d0a492cfc5b93467a7f240\">\n                <img\n                    title=\"IMG_4159\"\n                    alt=\"IMG_4159\"\n                    src=\"https:\/\/www.hanaorienteering.com\/wp-content\/gallery\/benatky-2024\/thumbs\/thumbs_IMG_4159.jpg\"\n                    width=\"240\"\n                    height=\"160\"\n                    style=\"max-width:100%;\"\n                \/>\n            <\/a>\n        <\/div>\n\t\t\t\t\t\t\t<\/div> \n\t\t\t\n\t\t\t\t<div id=\"ngg-image-12\" class=\"ngg-gallery-thumbnail-box ngg-4-columns\" >\n\t\t\t\t        <div class=\"ngg-gallery-thumbnail\">\n            <a href=\"https:\/\/www.hanaorienteering.com\/wp-content\/gallery\/benatky-2024\/IMG_4194.jpg\"\n               title=\"\"\n               data-src=\"https:\/\/www.hanaorienteering.com\/wp-content\/gallery\/benatky-2024\/IMG_4194.jpg\"\n               data-thumbnail=\"https:\/\/www.hanaorienteering.com\/wp-content\/gallery\/benatky-2024\/thumbs\/thumbs_IMG_4194.jpg\"\n               data-image-id=\"99\"\n               data-title=\"IMG_4194\"\n               data-description=\"\"\n               data-image-slug=\"img_4194\"\n               class=\"ngg-simplelightbox\" rel=\"940a394066d0a492cfc5b93467a7f240\">\n                <img\n                    title=\"IMG_4194\"\n                    alt=\"IMG_4194\"\n                    src=\"https:\/\/www.hanaorienteering.com\/wp-content\/gallery\/benatky-2024\/thumbs\/thumbs_IMG_4194.jpg\"\n                    width=\"240\"\n                    height=\"160\"\n                    style=\"max-width:100%;\"\n                \/>\n            <\/a>\n        <\/div>\n\t\t\t\t\t\t\t<\/div> \n\t\t\t\n\t\t\t\t<div id=\"ngg-image-13\" class=\"ngg-gallery-thumbnail-box ngg-4-columns\" >\n\t\t\t\t        <div class=\"ngg-gallery-thumbnail\">\n            <a href=\"https:\/\/www.hanaorienteering.com\/wp-content\/gallery\/benatky-2024\/IMG_4206.jpg\"\n               title=\"\"\n               data-src=\"https:\/\/www.hanaorienteering.com\/wp-content\/gallery\/benatky-2024\/IMG_4206.jpg\"\n               data-thumbnail=\"https:\/\/www.hanaorienteering.com\/wp-content\/gallery\/benatky-2024\/thumbs\/thumbs_IMG_4206.jpg\"\n               data-image-id=\"100\"\n               data-title=\"IMG_4206\"\n               data-description=\"\"\n               data-image-slug=\"img_4206\"\n               class=\"ngg-simplelightbox\" rel=\"940a394066d0a492cfc5b93467a7f240\">\n                <img\n                    title=\"IMG_4206\"\n                    alt=\"IMG_4206\"\n                    src=\"https:\/\/www.hanaorienteering.com\/wp-content\/gallery\/benatky-2024\/thumbs\/thumbs_IMG_4206.jpg\"\n                    width=\"240\"\n                    height=\"160\"\n                    style=\"max-width:100%;\"\n                \/>\n            <\/a>\n        <\/div>\n\t\t\t\t\t\t\t<\/div> \n\t\t\t\n\t\t\t\t<div id=\"ngg-image-14\" class=\"ngg-gallery-thumbnail-box ngg-4-columns\" >\n\t\t\t\t        <div class=\"ngg-gallery-thumbnail\">\n            <a href=\"https:\/\/www.hanaorienteering.com\/wp-content\/gallery\/benatky-2024\/IMG_4171.jpg\"\n               title=\"\"\n               data-src=\"https:\/\/www.hanaorienteering.com\/wp-content\/gallery\/benatky-2024\/IMG_4171.jpg\"\n               data-thumbnail=\"https:\/\/www.hanaorienteering.com\/wp-content\/gallery\/benatky-2024\/thumbs\/thumbs_IMG_4171.jpg\"\n               data-image-id=\"101\"\n               data-title=\"IMG_4171\"\n               data-description=\"\"\n               data-image-slug=\"img_4171\"\n               class=\"ngg-simplelightbox\" rel=\"940a394066d0a492cfc5b93467a7f240\">\n                <img\n                    title=\"IMG_4171\"\n                    alt=\"IMG_4171\"\n                    src=\"https:\/\/www.hanaorienteering.com\/wp-content\/gallery\/benatky-2024\/thumbs\/thumbs_IMG_4171.jpg\"\n                    width=\"240\"\n                    height=\"160\"\n                    style=\"max-width:100%;\"\n                \/>\n            <\/a>\n        <\/div>\n\t\t\t\t\t\t\t<\/div> \n\t\t\t\n\t\t\t\t<div id=\"ngg-image-15\" class=\"ngg-gallery-thumbnail-box ngg-4-columns\" >\n\t\t\t\t        <div class=\"ngg-gallery-thumbnail\">\n            <a href=\"https:\/\/www.hanaorienteering.com\/wp-content\/gallery\/benatky-2024\/IMG_4167.jpg\"\n               title=\"\"\n               data-src=\"https:\/\/www.hanaorienteering.com\/wp-content\/gallery\/benatky-2024\/IMG_4167.jpg\"\n               data-thumbnail=\"https:\/\/www.hanaorienteering.com\/wp-content\/gallery\/benatky-2024\/thumbs\/thumbs_IMG_4167.jpg\"\n               data-image-id=\"102\"\n               data-title=\"IMG_4167\"\n               data-description=\"\"\n               data-image-slug=\"img_4167\"\n               class=\"ngg-simplelightbox\" rel=\"940a394066d0a492cfc5b93467a7f240\">\n                <img\n                    title=\"IMG_4167\"\n                    alt=\"IMG_4167\"\n                    src=\"https:\/\/www.hanaorienteering.com\/wp-content\/gallery\/benatky-2024\/thumbs\/thumbs_IMG_4167.jpg\"\n                    width=\"240\"\n                    height=\"160\"\n                    style=\"max-width:100%;\"\n                \/>\n            <\/a>\n        <\/div>\n\t\t\t\t\t\t\t<\/div> \n\t\t\t\n\t\n\t<br style=\"clear: both\" \/>\n\n\t\n\t\t<!-- Pagination -->\n\t<div class='ngg-clear'><\/div>\t<\/div>\n\n<p><iframe loading=\"lazy\" title=\"2018-11-11 Orienteering in Venice \/ Venezia\" width=\"500\" height=\"281\" src=\"https:\/\/www.youtube.com\/embed\/JKd30tg_A_k?feature=oembed\" frameborder=\"0\" allow=\"accelerometer; autoplay; clipboard-write; encrypted-media; gyroscope; picture-in-picture; web-share\" referrerpolicy=\"strict-origin-when-cross-origin\" allowfullscreen><\/iframe><\/p>\n","protected":false},"excerpt":{"rendered":"<p>Date : 7.-10. 10 2024 (Thu\u2013 Sun) Cena (p\u0159edb\u011b\u017en\u00e1): 300 EUR (non competitors) 360 EUR (competitors) Transport: BUS from CZE, Private Cruise in Venice Accommodation: hotel Ca\u00b4Divalle, Cavallino, Tre Porti**** Stravov\u00e1n\u00ed : Half board Entries : Until 20. 8. 2024 via email brko@hanaorienteering.cz Max. participants : 90 &nbsp; &nbsp; After a successful last year&#8217;s event, [&hellip;]<\/p>\n","protected":false},"author":1,"featured_media":349,"parent":0,"menu_order":0,"comment_status":"closed","ping_status":"closed","template":"page-akce.php","meta":{"ngg_post_thumbnail":0,"footnotes":""},"categories":[],"tags":[],"class_list":["post-343","page","type-page","status-publish","has-post-thumbnail","hentry"],"_links":{"self":[{"href":"https:\/\/www.hanaorienteering.com\/en\/wp-json\/wp\/v2\/pages\/343","targetHints":{"allow":["GET"]}}],"collection":[{"href":"https:\/\/www.hanaorienteering.com\/en\/wp-json\/wp\/v2\/pages"}],"about":[{"href":"https:\/\/www.hanaorienteering.com\/en\/wp-json\/wp\/v2\/types\/page"}],"author":[{"embeddable":true,"href":"https:\/\/www.hanaorienteering.com\/en\/wp-json\/wp\/v2\/users\/1"}],"replies":[{"embeddable":true,"href":"https:\/\/www.hanaorienteering.com\/en\/wp-json\/wp\/v2\/comments?post=343"}],"version-history":[{"count":2,"href":"https:\/\/www.hanaorienteering.com\/en\/wp-json\/wp\/v2\/pages\/343\/revisions"}],"predecessor-version":[{"id":371,"href":"https:\/\/www.hanaorienteering.com\/en\/wp-json\/wp\/v2\/pages\/343\/revisions\/371"}],"wp:featuredmedia":[{"embeddable":true,"href":"https:\/\/www.hanaorienteering.com\/en\/wp-json\/wp\/v2\/media\/349"}],"wp:attachment":[{"href":"https:\/\/www.hanaorienteering.com\/en\/wp-json\/wp\/v2\/media?parent=343"}],"wp:term":[{"taxonomy":"category","embeddable":true,"href":"https:\/\/www.hanaorienteering.com\/en\/wp-json\/wp\/v2\/categories?post=343"},{"taxonomy":"post_tag","embeddable":true,"href":"https:\/\/www.hanaorienteering.com\/en\/wp-json\/wp\/v2\/tags?post=343"}],"curies":[{"name":"wp","href":"https:\/\/api.w.org\/{rel}","templated":true}]}}