{"id":321,"date":"2024-04-11T18:32:01","date_gmt":"2024-04-11T17:32:01","guid":{"rendered":"https:\/\/www.hanaorienteering.com\/en\/?page_id=321"},"modified":"2024-05-02T19:19:49","modified_gmt":"2024-05-02T18:19:49","slug":"wmoc-finland-2024","status":"publish","type":"page","link":"https:\/\/www.hanaorienteering.com\/en\/wmoc-finland-2024\/","title":{"rendered":"WMOC &#8211; Finland 2024"},"content":{"rendered":"<div class=\"tab-akce\">\n<dl>\n<dt>Date&nbsp;:<\/dt>\n<dd>01.08. &#8211; 10.08. 2024<\/dd>\n<dt>Price:<\/dt>\n<dd>will be published<\/dd>\n<\/dl>\n<dl>\n<dt>Transport:<\/dt>\n<dd>air<\/dd>\n<dt>Accomodation:<\/dt>\n<dd>lodges and sports rooms<\/dd>\n<dt>Dining:<\/dt>\n<dd>self catering<\/dd>\n<dt>Term\u00edn p\u0159ihl\u00e1\u0161ek :<\/dt>\n<dd>sold out<\/dd>\n<dt>Max. po\u010det \u00fa\u010dastn\u00edk\u016f :<\/dt>\n<dd>50<\/dd>\n<\/dl>\n<div style=\"clear: both;\">&nbsp;<\/div>\n<\/div>\n<p>The next holiday event that not only we, but we hope many of you are looking forward to will be WMOC. From the 1st to the 10th of Aug 2024 we will traditionally take part in the biggest veteran orienteering competition, this time in Turku, Finland. The basic parameters of the trip are already known &#8211; the trip will be organized by air transport, we have already booked accommodation in pleasant bungalows in a seaside resort area near the town of Pargas (about 15 km from Turku). We have also arranged local transport to the races and excursions, we are just waiting for confirmation of the tickets. We expect about 45 people to participate and of course we will post the details of the whole event on the website as soon as we know the prices of the tickets and therefore the whole trip. Interested parties can send their pre-applications now to our e-mail.<\/p>\n<p>&nbsp;<\/p>\n<p>&nbsp;<\/p>\n<p><a href=\"https:\/\/www.hanaorienteering.cz\/uploads\/logo-color.png\"><img loading=\"lazy\" decoding=\"async\" class=\"alignnone size-full wp-image-8685\" src=\"https:\/\/www.hanaorienteering.cz\/uploads\/logo-color.png\" alt=\"\" width=\"842\" height=\"595\"><\/a><\/p>\n<p>&nbsp;<\/p>\n","protected":false},"excerpt":{"rendered":"<p>Date&nbsp;: 01.08. &#8211; 10.08. 2024 Price: will be published Transport: air Accomodation: lodges and sports rooms Dining: self catering Term\u00edn p\u0159ihl\u00e1\u0161ek : sold out Max. po\u010det \u00fa\u010dastn\u00edk\u016f : 50 &nbsp; The next holiday event that not only we, but we hope many of you are looking forward to will be WMOC. From the 1st to [&hellip;]<\/p>\n","protected":false},"author":1,"featured_media":351,"parent":0,"menu_order":0,"comment_status":"closed","ping_status":"closed","template":"page-akce.php","meta":{"ngg_post_thumbnail":0,"footnotes":""},"categories":[],"tags":[],"class_list":["post-321","page","type-page","status-publish","has-post-thumbnail","hentry"],"_links":{"self":[{"href":"https:\/\/www.hanaorienteering.com\/en\/wp-json\/wp\/v2\/pages\/321","targetHints":{"allow":["GET"]}}],"collection":[{"href":"https:\/\/www.hanaorienteering.com\/en\/wp-json\/wp\/v2\/pages"}],"about":[{"href":"https:\/\/www.hanaorienteering.com\/en\/wp-json\/wp\/v2\/types\/page"}],"author":[{"embeddable":true,"href":"https:\/\/www.hanaorienteering.com\/en\/wp-json\/wp\/v2\/users\/1"}],"replies":[{"embeddable":true,"href":"https:\/\/www.hanaorienteering.com\/en\/wp-json\/wp\/v2\/comments?post=321"}],"version-history":[{"count":3,"href":"https:\/\/www.hanaorienteering.com\/en\/wp-json\/wp\/v2\/pages\/321\/revisions"}],"predecessor-version":[{"id":324,"href":"https:\/\/www.hanaorienteering.com\/en\/wp-json\/wp\/v2\/pages\/321\/revisions\/324"}],"wp:featuredmedia":[{"embeddable":true,"href":"https:\/\/www.hanaorienteering.com\/en\/wp-json\/wp\/v2\/media\/351"}],"wp:attachment":[{"href":"https:\/\/www.hanaorienteering.com\/en\/wp-json\/wp\/v2\/media?parent=321"}],"wp:term":[{"taxonomy":"category","embeddable":true,"href":"https:\/\/www.hanaorienteering.com\/en\/wp-json\/wp\/v2\/categories?post=321"},{"taxonomy":"post_tag","embeddable":true,"href":"https:\/\/www.hanaorienteering.com\/en\/wp-json\/wp\/v2\/tags?post=321"}],"curies":[{"name":"wp","href":"https:\/\/api.w.org\/{rel}","templated":true}]}}