{"id":24,"date":"2019-12-04T11:00:04","date_gmt":"2019-12-04T10:00:04","guid":{"rendered":"https:\/\/www.hanaorienteering.com\/en\/?page_id=24"},"modified":"2019-12-04T14:51:56","modified_gmt":"2019-12-04T13:51:56","slug":"contacts","status":"publish","type":"page","link":"https:\/\/www.hanaorienteering.com\/en\/contacts\/","title":{"rendered":"Contacts"},"content":{"rendered":"<h4 style=\"color:#e1271f\">Company :<\/h4>\n<p class=\"blok\"><em>Company Name : <\/em> HAN\u00c1 Orienteering, s.r.o.<br \/>\n<em>Main Office : <\/em> Stupkova 528\/1c, 779 00 Olomouc<br \/>\n<em>VAT ID : <\/em> CZ-26819473<br \/>\n<em>Bank Account : <\/em> BIC code: KOMBCZPP, Bank code: 0100, SWIFT: KOMBCZPPXXXKB, IBAN: CZ4001000001150637330277<br \/>\n<em>Phone : <\/em> +420 581 111 527<\/p>\n<h4 style=\"color:#e1271f\">Postal Address :<\/h4>\n<p class=\"blok\">Robert Zdr\u00e1hal<br \/>\nBiskupsk\u00e9 n\u00e1m\u011bst\u00ed 2<br \/>\n772 00 Olomouc<\/p>\n<h4 style=\"color:#e1271f\">Visit Us :<\/h4>\n<p class=\"blok\">17.listopadu 1139\/3, 77900 Olomouc<br \/>\n<iframe loading=\"lazy\" src=\"https:\/\/www.google.com\/maps\/embed?pb=!1m18!1m12!1m3!1d2586.4084678715735!2d17.257239315940062!3d49.59004617936588!2m3!1f0!2f0!3f0!3m2!1i1024!2i768!4f13.1!3m3!1m2!1s0x47124e89f076a997%3A0x3b36b7cf44c34b4e!2s17.%20listopadu%201139%2F3%2C%20779%2000%20Olomouc!5e0!3m2!1sen!2scz!4v1575461700897!5m2!1sen!2scz\" style=\"border:0;\" allowfullscreen=\"\" width=\"400\" height=\"300\" frameborder=\"0\"><\/iframe><\/p>\n<h4>Managing Director :<\/h4>\n<p class=\"blok\" style=\"padding-bottom:155px;\"><img loading=\"lazy\" decoding=\"async\" class=\"alignright\" title=\"Brko\" src=\"\/images\/foto_Brko.jpg\" alt=\"\" width=\"135\" height=\"189\">Ing. Robert Zdr\u00e1hal<br \/>\n<em>e-mail : <\/em> <a href=\"mailto:brko@hanaorienteering.cz\">brko@hanaorienteering.cz<\/a><br \/>\n<em>tel. : <\/em> +420 602 805 696, +420 581 111 527<\/p>\n<h4>Partners :<\/h4>\n<p class=\"blok\" style=\"padding-bottom: 155px\"><img loading=\"lazy\" decoding=\"async\" class=\"alignright\" title=\"Brko\" src=\"\/images\/foto_Kacor.jpg\" alt=\"\" width=\"135\" height=\"189\"><br \/>\nIng. Jaroslav Ka\u010dmar\u010d\u00edk<br \/>\n<em>e-mail : <\/em> <a href=\"mailto:jaroslav@hanaorienteering.cz\">jaroslav@hanaorienteering.cz<\/a><\/p>\n<p class=\"blok\" style=\"padding-bottom: 135px\"><img loading=\"lazy\" decoding=\"async\" class=\"alignright\" title=\"Brko\" src=\"\/images\/foto_Mara.jpg\" alt=\"\" width=\"135\" height=\"189\"><br \/>\nMgr. Marek Pet\u0159ivalsk\u00fd, Dr.<br \/>\n<em>e-mail : <\/em> <a href=\"mailto:marek@hanaorienteering.cz\">marek@hanaorienteering.cz<\/a><br \/>\n<em>tel. : <\/em> +420 602 559 996<\/p>\n","protected":false},"excerpt":{"rendered":"<p>Company : Company Name : HAN\u00c1 Orienteering, s.r.o. Main Office : Stupkova 528\/1c, 779 00 Olomouc VAT ID : CZ-26819473 Bank Account : BIC code: KOMBCZPP, Bank code: 0100, SWIFT: KOMBCZPPXXXKB, IBAN: CZ4001000001150637330277 Phone : +420 581 111 527 Postal Address : Robert Zdr\u00e1hal Biskupsk\u00e9 n\u00e1m\u011bst\u00ed 2 772 00 Olomouc Visit Us : 17.listopadu 1139\/3, [&hellip;]<\/p>\n","protected":false},"author":1,"featured_media":0,"parent":0,"menu_order":0,"comment_status":"closed","ping_status":"closed","template":"","meta":{"ngg_post_thumbnail":0,"footnotes":""},"categories":[],"tags":[],"class_list":["post-24","page","type-page","status-publish","hentry"],"_links":{"self":[{"href":"https:\/\/www.hanaorienteering.com\/en\/wp-json\/wp\/v2\/pages\/24","targetHints":{"allow":["GET"]}}],"collection":[{"href":"https:\/\/www.hanaorienteering.com\/en\/wp-json\/wp\/v2\/pages"}],"about":[{"href":"https:\/\/www.hanaorienteering.com\/en\/wp-json\/wp\/v2\/types\/page"}],"author":[{"embeddable":true,"href":"https:\/\/www.hanaorienteering.com\/en\/wp-json\/wp\/v2\/users\/1"}],"replies":[{"embeddable":true,"href":"https:\/\/www.hanaorienteering.com\/en\/wp-json\/wp\/v2\/comments?post=24"}],"version-history":[{"count":12,"href":"https:\/\/www.hanaorienteering.com\/en\/wp-json\/wp\/v2\/pages\/24\/revisions"}],"predecessor-version":[{"id":50,"href":"https:\/\/www.hanaorienteering.com\/en\/wp-json\/wp\/v2\/pages\/24\/revisions\/50"}],"wp:attachment":[{"href":"https:\/\/www.hanaorienteering.com\/en\/wp-json\/wp\/v2\/media?parent=24"}],"wp:term":[{"taxonomy":"category","embeddable":true,"href":"https:\/\/www.hanaorienteering.com\/en\/wp-json\/wp\/v2\/categories?post=24"},{"taxonomy":"post_tag","embeddable":true,"href":"https:\/\/www.hanaorienteering.com\/en\/wp-json\/wp\/v2\/tags?post=24"}],"curies":[{"name":"wp","href":"https:\/\/api.w.org\/{rel}","templated":true}]}}